{"id":16,"date":"2026-02-15T17:43:34","date_gmt":"2026-02-15T17:43:34","guid":{"rendered":"https:\/\/lafourchettedenoella.fr\/?page_id=16"},"modified":"2026-02-21T14:39:56","modified_gmt":"2026-02-21T14:39:56","slug":"accueil","status":"publish","type":"page","link":"https:\/\/lafourchettedenoella.fr\/","title":{"rendered":""},"content":{"rendered":"\n<p class=\"has-text-align-center has-vivid-red-color has-white-background-color has-text-color has-background has-link-color has-x-large-font-size wp-elements-781d6ea30ca08ed3a8b3424d3e220579\"><strong><em>Une Histoire de Go\u00fbt.<\/em><\/strong><\/p>\n\n\n\n<p class=\"has-text-align-center has-black-color has-white-background-color has-text-color has-background has-link-color has-medium-font-size wp-elements-7b651a5c5796f4c8602b26a1b9eae779\">La Fourchette de Noella vous propose des plats typique S\u00e9n\u00e9galais, des plats avec du go\u00fbt, fait avec c\u0153ur passion. Retrouver un peu du S\u00e9n\u00e9gal dans votre assiette.<\/p>\n\n\n\n<p><\/p>\n\n\n\n<p><\/p>\n\n\n\n<p><\/p>\n\n\n\n<figure class=\"wp-block-gallery has-nested-images columns-default is-cropped wp-block-gallery-1 is-layout-flex wp-block-gallery-is-layout-flex\"><div class=\"wp-block-image\">\n<figure class=\"aligncenter size-large\"><img loading=\"lazy\" decoding=\"async\" width=\"1024\" height=\"768\" data-id=\"17\" src=\"https:\/\/lafourchettedenoella.fr\/wp-content\/uploads\/2026\/02\/tiep-bou-dieun-1024x768.jpg\" alt=\"\" class=\"wp-image-17\" srcset=\"https:\/\/lafourchettedenoella.fr\/wp-content\/uploads\/2026\/02\/tiep-bou-dieun-1024x768.jpg 1024w, https:\/\/lafourchettedenoella.fr\/wp-content\/uploads\/2026\/02\/tiep-bou-dieun-300x225.jpg 300w, https:\/\/lafourchettedenoella.fr\/wp-content\/uploads\/2026\/02\/tiep-bou-dieun-768x576.jpg 768w, https:\/\/lafourchettedenoella.fr\/wp-content\/uploads\/2026\/02\/tiep-bou-dieun.jpg 1200w\" sizes=\"auto, (max-width: 1024px) 100vw, 1024px\" \/><\/figure>\n<\/div><\/figure>\n\n\n\n<p><\/p>\n\n\n\n<p><\/p>\n\n\n\n<p><\/p>\n","protected":false},"excerpt":{"rendered":"<p>Une Histoire de Go\u00fbt. La Fourchette de Noella vous propose [&hellip;]<\/p>\n","protected":false},"author":1,"featured_media":0,"parent":0,"menu_order":0,"comment_status":"closed","ping_status":"closed","template":"templates\/template-page-full-width.php","meta":{"footnotes":""},"class_list":["post-16","page","type-page","status-publish","hentry"],"_links":{"self":[{"href":"https:\/\/lafourchettedenoella.fr\/index.php\/wp-json\/wp\/v2\/pages\/16","targetHints":{"allow":["GET"]}}],"collection":[{"href":"https:\/\/lafourchettedenoella.fr\/index.php\/wp-json\/wp\/v2\/pages"}],"about":[{"href":"https:\/\/lafourchettedenoella.fr\/index.php\/wp-json\/wp\/v2\/types\/page"}],"author":[{"embeddable":true,"href":"https:\/\/lafourchettedenoella.fr\/index.php\/wp-json\/wp\/v2\/users\/1"}],"replies":[{"embeddable":true,"href":"https:\/\/lafourchettedenoella.fr\/index.php\/wp-json\/wp\/v2\/comments?post=16"}],"version-history":[{"count":12,"href":"https:\/\/lafourchettedenoella.fr\/index.php\/wp-json\/wp\/v2\/pages\/16\/revisions"}],"predecessor-version":[{"id":39,"href":"https:\/\/lafourchettedenoella.fr\/index.php\/wp-json\/wp\/v2\/pages\/16\/revisions\/39"}],"wp:attachment":[{"href":"https:\/\/lafourchettedenoella.fr\/index.php\/wp-json\/wp\/v2\/media?parent=16"}],"curies":[{"name":"wp","href":"https:\/\/api.w.org\/{rel}","templated":true}]}}